{"id":1760,"date":"2022-09-20T11:29:07","date_gmt":"2022-09-20T09:29:07","guid":{"rendered":"https:\/\/bratislava2030.sk\/?page_id=1760"},"modified":"2026-01-14T10:54:50","modified_gmt":"2026-01-14T09:54:50","slug":"dokumenty","status":"publish","type":"page","link":"https:\/\/bratislava2030.sk\/en\/dokumenty\/","title":{"rendered":"Documents"},"content":{"rendered":"<p>[et_pb_section fb_built=&#8220;1&#8243; custom_padding_last_edited=&#8220;on|phone&#8220; disabled_on=&#8220;off|off|off&#8220; _builder_version=&#8220;4.14.9&#8243; _module_preset=&#8220;default&#8220; background_color=&#8220;#a8aadd&#8220; custom_padding=&#8220;100px||100px||true|false&#8220; custom_padding_tablet=&#8220;&#8220; custom_padding_phone=&#8220;40px||40px||true|false&#8220; global_colors_info=&#8220;{}&#8220;][et_pb_row _builder_version=&#8220;4.14.9&#8243; _module_preset=&#8220;default&#8220; custom_padding=&#8220;||0px|||&#8220; global_colors_info=&#8220;{}&#8220;][et_pb_column type=&#8220;4_4&#8243; _builder_version=&#8220;4.14.9&#8243; _module_preset=&#8220;default&#8220; global_colors_info=&#8220;{}&#8220;][et_pb_text _builder_version=&#8220;4.14.9&#8243; _module_preset=&#8220;default&#8220; text_font=&#8220;Inter|700|||||||&#8220; text_text_color=&#8220;#221d67&#8243; text_font_size=&#8220;40px&#8220; text_line_height=&#8220;130%&#8220; custom_margin=&#8220;||20px||false|false&#8220; custom_padding=&#8220;||0px||false|false&#8220; global_colors_info=&#8220;{}&#8220;]<\/p>\n<p style=\"text-align: center;\">Na tejto str\u00e1nke n\u00e1jdete dokumenty t\u00fdkaj\u00face sa strategick\u00e9ho pl\u00e1nu Bratislava 2030, Agendy 2030 a GGS4<\/p>\n<p>[\/et_pb_text][\/et_pb_column][\/et_pb_row][et_pb_row disabled_on=&#8220;on|on|off&#8220; _builder_version=&#8220;4.14.9&#8243; _module_preset=&#8220;default&#8220; custom_css_main_element=&#8220;align-items: center;||display: flex;&#8220; global_colors_info=&#8220;{}&#8220;][et_pb_column type=&#8220;4_4&#8243; _builder_version=&#8220;4.14.9&#8243; _module_preset=&#8220;default&#8220; global_colors_info=&#8220;{}&#8220;][et_pb_text _builder_version=&#8220;4.14.9&#8243; _module_preset=&#8220;default&#8220; text_font=&#8220;Inter|700|||||||&#8220; text_text_color=&#8220;#FFFFFF&#8220; text_font_size=&#8220;36px&#8220; text_line_height=&#8220;130%&#8220; custom_margin=&#8220;||20px||false|false&#8220; custom_padding=&#8220;||0px||false|false&#8220; global_colors_info=&#8220;{}&#8220;]<\/p>\n<p>Bratislava 2030<\/p>\n<p>[\/et_pb_text][et_pb_text _builder_version=&#8220;4.14.9&#8243; _module_preset=&#8220;default&#8220; text_font=&#8220;Inter||||||||&#8220; text_text_color=&#8220;#FFFFFF&#8220; text_font_size=&#8220;20px&#8220; text_line_height=&#8220;130%&#8220; custom_margin=&#8220;|-20px|||false|false&#8220; custom_padding=&#8220;|20px||0px|false|false&#8220; hover_enabled=&#8220;0&#8243; global_colors_info=&#8220;{}&#8220; sticky_enabled=&#8220;0&#8243;]<\/p>\n<p style=\"text-align: left;\"><a href=\"https:\/\/bratislava2030.sk\/wp-content\/uploads\/2023\/03\/Bratislava-2030_publikacia_032023_compress.pdf\" target=\"_blank\" rel=\"noopener\"><span style=\"color: #003366;\"><span style=\"text-decoration: underline;\">Bratislava 2030 &#8211; Sprievodn\u00e1 publik\u00e1cia<\/span><\/span><\/a><\/p>\n<p style=\"text-align: left;\"><span style=\"color: #003366;\"><a href=\"https:\/\/bratislava2030.sk\/wp-content\/uploads\/2023\/03\/A-C-Strategicka-cast-Bratislava-2030_032023.pdf\" target=\"_blank\" rel=\"noopener\" style=\"color: #003366;\"><span style=\"text-decoration: underline;\">Bratislava 2030 &#8211; V\u00edzia a strategick\u00e1 \u010das\u0165<\/span><\/a><\/span><\/p>\n<p style=\"text-align: left;\"><span style=\"color: #003366;\"><a href=\"https:\/\/bratislava2030.sk\/wp-content\/uploads\/2023\/03\/B-Analyticka-cast-Bratislava-2030_032023.pdf\" target=\"_blank\" rel=\"noopener\" style=\"color: #003366;\"><span style=\"text-decoration: underline;\">Bratislava 2030 &#8211; Analytick\u00e1 \u010das\u0165<\/span><\/a><\/span><\/p>\n<p style=\"text-align: left;\"><a href=\"https:\/\/bratislava2030.sk\/wp-content\/uploads\/2022\/06\/Priloha-3-Vyhodnotenie-pripomienok_Bratislava-2030.pdf\"><span style=\"text-decoration: underline; color: #003366;\">Bratislava 2030 &#8211; vyhodnotenie pripomienok<\/span><\/a><\/p>\n<p style=\"text-align: left;\"><span style=\"text-decoration: underline; color: #003366;\"><a href=\"https:\/\/bratislava2030.sk\/wp-content\/uploads\/2021\/03\/Hodnotenie-PHSR_FINAL.pdf\" target=\"_blank\" rel=\"noreferrer noopener\" style=\"text-decoration: underline; color: #003366;\">Z\u00e1vere\u010dn\u00e1 spr\u00e1va o vyhodnoten\u00ed Programu hospod\u00e1rskeho a soci\u00e1lneho rozvoja hlavn\u00e9ho mesta SR Bratislavy na roky 2010 \u2013 2020<\/a><\/span><\/p>\n<p style=\"text-align: left;\"><a href=\"https:\/\/bratislava2030.sk\/wp-content\/uploads\/2024\/10\/Rocna-sprava_Bratislava-2030_2023-1.pdf\"><span style=\"text-decoration: underline; color: #003366;\">Bratislava 2030_Ro\u010dn\u00e1 spr\u00e1va_2023<\/span><\/a><\/p>\n<p style=\"text-align: left;\"><a href=\"https:\/\/bratislava2030.sk\/wp-content\/uploads\/2026\/01\/BA2030_rocna_sprava_2024.pdf\"><span style=\"text-decoration: underline; color: #003366;\">Bratislava 2030 &#8211; Ro\u010dn\u00e1 spr\u00e1va 2024<\/span><\/a><\/p>\n<p style=\"text-align: left;\">[\/et_pb_text][\/et_pb_column][\/et_pb_row][et_pb_row disabled_on=&#8220;on|on|on&#8220; _builder_version=&#8220;4.14.9&#8243; _module_preset=&#8220;default&#8220; custom_css_main_element=&#8220;align-items: center;||display: flex;&#8220; disabled=&#8220;on&#8220; global_colors_info=&#8220;{}&#8220;][et_pb_column type=&#8220;4_4&#8243; _builder_version=&#8220;4.14.9&#8243; _module_preset=&#8220;default&#8220; global_colors_info=&#8220;{}&#8220;][et_pb_text _builder_version=&#8220;4.14.9&#8243; _module_preset=&#8220;default&#8220; text_font=&#8220;Inter|700|||||||&#8220; text_text_color=&#8220;#FFFFFF&#8220; text_font_size=&#8220;36px&#8220; text_line_height=&#8220;130%&#8220; custom_margin=&#8220;||20px||false|false&#8220; custom_padding=&#8220;||0px||false|false&#8220; global_colors_info=&#8220;{}&#8220;]<\/p>\n<p>2030 Agenda<\/p>\n<p>[\/et_pb_text][\/et_pb_column][\/et_pb_row][et_pb_row disabled_on=&#8220;on|on|on&#8220; _builder_version=&#8220;4.14.9&#8243; _module_preset=&#8220;default&#8220; custom_css_main_element=&#8220;align-items: center;||display: flex;&#8220; disabled=&#8220;on&#8220; global_colors_info=&#8220;{}&#8220;][et_pb_column type=&#8220;4_4&#8243; _builder_version=&#8220;4.14.9&#8243; _module_preset=&#8220;default&#8220; global_colors_info=&#8220;{}&#8220;][et_pb_text _builder_version=&#8220;4.14.9&#8243; _module_preset=&#8220;default&#8220; text_font=&#8220;Inter|700|||||||&#8220; text_text_color=&#8220;#FFFFFF&#8220; text_font_size=&#8220;36px&#8220; text_line_height=&#8220;130%&#8220; custom_margin=&#8220;||20px||false|false&#8220; custom_padding=&#8220;||0px||false|false&#8220; global_colors_info=&#8220;{}&#8220;]<\/p>\n<p>GGS4<\/p>\n<p>[\/et_pb_text][\/et_pb_column][\/et_pb_row][\/et_pb_section][et_pb_section fb_built=&#8220;1&#8243; custom_padding_last_edited=&#8220;on|phone&#8220; module_id=&#8220;harmonogram&#8220; _builder_version=&#8220;4.11.4&#8243; _module_preset=&#8220;default&#8220; background_color=&#8220;#221d67&#8243; custom_padding=&#8220;80px||80px||true|false&#8220; custom_padding_tablet=&#8220;&#8220; custom_padding_phone=&#8220;40px||40px||true|false&#8220; global_colors_info=&#8220;{}&#8220;][et_pb_row column_structure=&#8220;1_2,1_2&#8243; disabled_on=&#8220;on|off|off&#8220; _builder_version=&#8220;4.14.9&#8243; _module_preset=&#8220;default&#8220; background_color=&#8220;#221d67&#8243; custom_css_main_element=&#8220;align-items: center;||display: flex;&#8220; border_radii=&#8220;on|10px|10px|10px|10px&#8220; global_colors_info=&#8220;{}&#8220;][et_pb_column type=&#8220;1_2&#8243; _builder_version=&#8220;4.14.9&#8243; _module_preset=&#8220;default&#8220; custom_padding=&#8220;|||20px|false|false&#8220; global_colors_info=&#8220;{}&#8220;][et_pb_text _builder_version=&#8220;4.14.2&#8243; _module_preset=&#8220;default&#8220; text_font=&#8220;Inter|600|||||||&#8220; text_text_color=&#8220;#FFFFFF&#8220; text_font_size=&#8220;22px&#8220; text_line_height=&#8220;130%&#8220; custom_margin=&#8220;|2%|20px|2%|false|false&#8220; custom_padding=&#8220;||0px||false|false&#8220; global_colors_info=&#8220;{}&#8220;]<\/p>\n<p style=\"text-align: left;\">St\u00e1le m\u00e1me nie\u010do nov\u00e9! Prihl\u00e1ste sa <br \/>k odberu newslettera a ni\u010d z pl\u00e1nu Bratislava 2030 v\u00e1m neunikne.<\/p>\n<p>[\/et_pb_text][et_pb_text _builder_version=&#8220;4.14.2&#8243; _module_preset=&#8220;default&#8220; text_text_color=&#8220;#ffffff&#8220; custom_margin=&#8220;|2%||2%|false|false&#8220; global_colors_info=&#8220;{}&#8220;]<\/p>\n<p>Bli\u017e\u0161ie inform\u00e1cie o spracovan\u00ed osobn\u00fdch \u00fadajov n\u00e1jdete <span> <\/span><strong><span style=\"color: #f2706d;\"><a target=\"_blank\" class=\"c-link\" delay=\"150\" data-sk=\"tooltip_parent\" href=\"https:\/\/mib.sk\/transparentnost\/ochrana-osobnych-udajov\/\" rel=\"noopener noreferrer\" style=\"color: #f2706d;\">here.<\/a><\/span><\/strong><span>.<\/span><\/p>\n<p>[\/et_pb_text][\/et_pb_column][et_pb_column type=&#8220;1_2&#8243; _builder_version=&#8220;4.14.2&#8243; _module_preset=&#8220;default&#8220; global_colors_info=&#8220;{}&#8220;][et_pb_button button_url=&#8220;http:\/\/eepurl.com\/hVXj3z&#8220; url_new_window=&#8220;on&#8220; button_text=&#8220;Prihl\u00e1si\u0165 do newslettra&#8220; button_alignment=&#8220;center&#8220; _builder_version=&#8220;4.14.9&#8243; _module_preset=&#8220;default&#8220; custom_button=&#8220;on&#8220; button_text_size=&#8220;22px&#8220; button_text_color=&#8220;#FFFFFF&#8220; button_bg_color=&#8220;#f2706d&#8220; button_border_width=&#8220;2px&#8220; button_border_color=&#8220;RGBA(0,0,0,0)&#8220; button_border_radius=&#8220;8px&#8220; button_font=&#8220;Inter|600|||||||&#8220; button_use_icon=&#8220;off&#8220; custom_margin=&#8220;||||false|false&#8220; custom_padding=&#8220;||||false|false&#8220; global_colors_info=&#8220;{}&#8220;][\/et_pb_button][\/et_pb_column][\/et_pb_row][et_pb_row disabled_on=&#8220;off|on|on&#8220; _builder_version=&#8220;4.14.9&#8243; _module_preset=&#8220;default&#8220; background_color=&#8220;#221d67&#8243; custom_css_main_element=&#8220;align-items: center;||display: flex;&#8220; border_radii=&#8220;on|10px|10px|10px|10px&#8220; global_colors_info=&#8220;{}&#8220;][et_pb_column type=&#8220;4_4&#8243; _builder_version=&#8220;4.14.9&#8243; _module_preset=&#8220;default&#8220; custom_padding=&#8220;|||20px|false|false&#8220; global_colors_info=&#8220;{}&#8220;][et_pb_text _builder_version=&#8220;4.14.2&#8243; _module_preset=&#8220;default&#8220; text_font=&#8220;Inter|600|||||||&#8220; text_text_color=&#8220;#FFFFFF&#8220; text_font_size=&#8220;22px&#8220; text_line_height=&#8220;130%&#8220; custom_margin=&#8220;|2%|20px|2%|false|false&#8220; custom_padding=&#8220;||0px||false|false&#8220; global_colors_info=&#8220;{}&#8220;]<\/p>\n<p style=\"text-align: left;\">St\u00e1le m\u00e1me nie\u010do nov\u00e9! Prihl\u00e1ste sa <br \/>k odberu newslettera a ni\u010d z pl\u00e1nu Bratislava 2030 v\u00e1m neunikne.<\/p>\n<p>[\/et_pb_text][et_pb_text _builder_version=&#8220;4.14.2&#8243; _module_preset=&#8220;default&#8220; text_text_color=&#8220;#ffffff&#8220; custom_margin=&#8220;|2%||2%|false|false&#8220; global_colors_info=&#8220;{}&#8220;]<\/p>\n<p>Bli\u017e\u0161ie inform\u00e1cie o spracovan\u00ed osobn\u00fdch \u00fadajov n\u00e1jdete <span> <\/span><strong><span style=\"color: #f2706d;\"><a target=\"_blank\" class=\"c-link\" delay=\"150\" data-sk=\"tooltip_parent\" href=\"https:\/\/mib.sk\/transparentnost\/ochrana-osobnych-udajov\/\" rel=\"noopener noreferrer\" style=\"color: #f2706d;\">here.<\/a><\/span><\/strong><span>.<\/span><\/p>\n<p>[\/et_pb_text][et_pb_button button_url=&#8220;http:\/\/eepurl.com\/hVXj3z&#8220; url_new_window=&#8220;on&#8220; button_text=&#8220;Prihl\u00e1si\u0165 do newslettra&#8220; button_alignment=&#8220;center&#8220; _builder_version=&#8220;4.14.9&#8243; _module_preset=&#8220;default&#8220; custom_button=&#8220;on&#8220; button_text_size=&#8220;22px&#8220; button_text_color=&#8220;#FFFFFF&#8220; button_bg_color=&#8220;#f2706d&#8220; button_border_width=&#8220;2px&#8220; button_border_color=&#8220;RGBA(0,0,0,0)&#8220; button_border_radius=&#8220;8px&#8220; button_font=&#8220;Inter|600|||||||&#8220; button_use_icon=&#8220;off&#8220; custom_margin=&#8220;||||false|false&#8220; custom_padding=&#8220;||||false|false&#8220; global_colors_info=&#8220;{}&#8220;][\/et_pb_button][\/et_pb_column][\/et_pb_row][\/et_pb_section]<\/p>","protected":false},"excerpt":{"rendered":"<p>Na tejto str\u00e1nke n\u00e1jdete dokumenty t\u00fdkaj\u00face sa strategick\u00e9ho pl\u00e1nu Bratislava 2030, Agendy 2030 a GGS4Bratislava 2030Bratislava 2030 &#8211; Sprievodn\u00e1 publik\u00e1cia Bratislava 2030 &#8211; V\u00edzia a strategick\u00e1 \u010das\u0165 Bratislava 2030 &#8211; Analytick\u00e1 \u010das\u0165 Bratislava 2030 &#8211; vyhodnotenie pripomienok Z\u00e1vere\u010dn\u00e1 spr\u00e1va o vyhodnoten\u00ed Programu hospod\u00e1rskeho a soci\u00e1lneho rozvoja hlavn\u00e9ho mesta SR Bratislavy na roky 2010 \u2013 2020 [&hellip;]<\/p>","protected":false},"author":1,"featured_media":0,"parent":0,"menu_order":0,"comment_status":"closed","ping_status":"closed","template":"","meta":{"_et_pb_use_builder":"on","_et_pb_old_content":"","_et_gb_content_width":"","inline_featured_image":false},"yoast_head":"<!-- This site is optimized with the Yoast SEO plugin v20.13 - https:\/\/yoast.com\/wordpress\/plugins\/seo\/ -->\n<title>Dokumenty - Bratislava 2030<\/title>\n<meta name=\"description\" content=\"Bratislava 2030 ako program hospod\u00e1rskeho a soci\u00e1lneho rozvoja tvor\u00ed kostru \u010fal\u0161ieho smerovania hlavn\u00e9ho mesta.\" \/>\n<meta name=\"robots\" content=\"index, follow, max-snippet:-1, max-image-preview:large, max-video-preview:-1\" \/>\n<link rel=\"canonical\" href=\"https:\/\/bratislava2030.sk\/en\/dokumenty\/\" \/>\n<meta property=\"og:locale\" content=\"en_US\" \/>\n<meta property=\"og:type\" content=\"article\" \/>\n<meta property=\"og:title\" content=\"Dokumenty - Bratislava 2030\" \/>\n<meta property=\"og:description\" content=\"Bratislava 2030 ako program hospod\u00e1rskeho a soci\u00e1lneho rozvoja tvor\u00ed kostru \u010fal\u0161ieho smerovania hlavn\u00e9ho mesta.\" \/>\n<meta property=\"og:url\" content=\"https:\/\/bratislava2030.sk\/en\/dokumenty\/\" \/>\n<meta property=\"og:site_name\" content=\"Bratislava 2030\" \/>\n<meta property=\"article:modified_time\" content=\"2026-01-14T09:54:50+00:00\" \/>\n<meta name=\"twitter:card\" content=\"summary_large_image\" \/>\n<meta name=\"twitter:label1\" content=\"Est. reading time\" \/>\n\t<meta name=\"twitter:data1\" content=\"9 minutes\" \/>\n<script type=\"application\/ld+json\" class=\"yoast-schema-graph\">{\"@context\":\"https:\/\/schema.org\",\"@graph\":[{\"@type\":\"WebPage\",\"@id\":\"https:\/\/bratislava2030.sk\/dokumenty\/\",\"url\":\"https:\/\/bratislava2030.sk\/dokumenty\/\",\"name\":\"Dokumenty - Bratislava 2030\",\"isPartOf\":{\"@id\":\"https:\/\/bratislava2030.sk\/#website\"},\"datePublished\":\"2022-09-20T09:29:07+00:00\",\"dateModified\":\"2026-01-14T09:54:50+00:00\",\"description\":\"Bratislava 2030 ako program hospod\u00e1rskeho a soci\u00e1lneho rozvoja tvor\u00ed kostru \u010fal\u0161ieho smerovania hlavn\u00e9ho mesta.\",\"breadcrumb\":{\"@id\":\"https:\/\/bratislava2030.sk\/dokumenty\/#breadcrumb\"},\"inLanguage\":\"en-US\",\"potentialAction\":[{\"@type\":\"ReadAction\",\"target\":[\"https:\/\/bratislava2030.sk\/dokumenty\/\"]}]},{\"@type\":\"BreadcrumbList\",\"@id\":\"https:\/\/bratislava2030.sk\/dokumenty\/#breadcrumb\",\"itemListElement\":[{\"@type\":\"ListItem\",\"position\":1,\"name\":\"Home\",\"item\":\"https:\/\/bratislava2030.sk\/\"},{\"@type\":\"ListItem\",\"position\":2,\"name\":\"Dokumenty\"}]},{\"@type\":\"WebSite\",\"@id\":\"https:\/\/bratislava2030.sk\/#website\",\"url\":\"https:\/\/bratislava2030.sk\/\",\"name\":\"Bratislava 2030\",\"description\":\"Bratislava 2030 pos\u00fava hlavn\u00e9 mesto Slovenska do \u010fal\u0161ieho desa\u0165ro\u010dia\",\"potentialAction\":[{\"@type\":\"SearchAction\",\"target\":{\"@type\":\"EntryPoint\",\"urlTemplate\":\"https:\/\/bratislava2030.sk\/?s={search_term_string}\"},\"query-input\":\"required name=search_term_string\"}],\"inLanguage\":\"en-US\"}]}<\/script>\n<!-- \/ Yoast SEO plugin. -->","yoast_head_json":{"title":"Dokumenty - Bratislava 2030","description":"Bratislava 2030 ako program hospod\u00e1rskeho a soci\u00e1lneho rozvoja tvor\u00ed kostru \u010fal\u0161ieho smerovania hlavn\u00e9ho mesta.","robots":{"index":"index","follow":"follow","max-snippet":"max-snippet:-1","max-image-preview":"max-image-preview:large","max-video-preview":"max-video-preview:-1"},"canonical":"https:\/\/bratislava2030.sk\/en\/dokumenty\/","og_locale":"en_US","og_type":"article","og_title":"Dokumenty - Bratislava 2030","og_description":"Bratislava 2030 ako program hospod\u00e1rskeho a soci\u00e1lneho rozvoja tvor\u00ed kostru \u010fal\u0161ieho smerovania hlavn\u00e9ho mesta.","og_url":"https:\/\/bratislava2030.sk\/en\/dokumenty\/","og_site_name":"Bratislava 2030","article_modified_time":"2026-01-14T09:54:50+00:00","twitter_card":"summary_large_image","twitter_misc":{"Est. reading time":"9 minutes"},"schema":{"@context":"https:\/\/schema.org","@graph":[{"@type":"WebPage","@id":"https:\/\/bratislava2030.sk\/dokumenty\/","url":"https:\/\/bratislava2030.sk\/dokumenty\/","name":"Dokumenty - Bratislava 2030","isPartOf":{"@id":"https:\/\/bratislava2030.sk\/#website"},"datePublished":"2022-09-20T09:29:07+00:00","dateModified":"2026-01-14T09:54:50+00:00","description":"Bratislava 2030 ako program hospod\u00e1rskeho a soci\u00e1lneho rozvoja tvor\u00ed kostru \u010fal\u0161ieho smerovania hlavn\u00e9ho mesta.","breadcrumb":{"@id":"https:\/\/bratislava2030.sk\/dokumenty\/#breadcrumb"},"inLanguage":"en-US","potentialAction":[{"@type":"ReadAction","target":["https:\/\/bratislava2030.sk\/dokumenty\/"]}]},{"@type":"BreadcrumbList","@id":"https:\/\/bratislava2030.sk\/dokumenty\/#breadcrumb","itemListElement":[{"@type":"ListItem","position":1,"name":"Home","item":"https:\/\/bratislava2030.sk\/"},{"@type":"ListItem","position":2,"name":"Dokumenty"}]},{"@type":"WebSite","@id":"https:\/\/bratislava2030.sk\/#website","url":"https:\/\/bratislava2030.sk\/","name":"Bratislava 2030","description":"Bratislava 2030 pos\u00fava hlavn\u00e9 mesto Slovenska do \u010fal\u0161ieho desa\u0165ro\u010dia","potentialAction":[{"@type":"SearchAction","target":{"@type":"EntryPoint","urlTemplate":"https:\/\/bratislava2030.sk\/?s={search_term_string}"},"query-input":"required name=search_term_string"}],"inLanguage":"en-US"}]}},"_links":{"self":[{"href":"https:\/\/bratislava2030.sk\/en\/wp-json\/wp\/v2\/pages\/1760"}],"collection":[{"href":"https:\/\/bratislava2030.sk\/en\/wp-json\/wp\/v2\/pages"}],"about":[{"href":"https:\/\/bratislava2030.sk\/en\/wp-json\/wp\/v2\/types\/page"}],"author":[{"embeddable":true,"href":"https:\/\/bratislava2030.sk\/en\/wp-json\/wp\/v2\/users\/1"}],"replies":[{"embeddable":true,"href":"https:\/\/bratislava2030.sk\/en\/wp-json\/wp\/v2\/comments?post=1760"}],"version-history":[{"count":12,"href":"https:\/\/bratislava2030.sk\/en\/wp-json\/wp\/v2\/pages\/1760\/revisions"}],"predecessor-version":[{"id":1974,"href":"https:\/\/bratislava2030.sk\/en\/wp-json\/wp\/v2\/pages\/1760\/revisions\/1974"}],"wp:attachment":[{"href":"https:\/\/bratislava2030.sk\/en\/wp-json\/wp\/v2\/media?parent=1760"}],"curies":[{"name":"wp","href":"https:\/\/api.w.org\/{rel}","templated":true}]}}